{"id":122,"date":"2024-06-19T12:25:45","date_gmt":"2024-06-19T10:25:45","guid":{"rendered":"https:\/\/www.ammoniaenergy.it\/?page_id=122"},"modified":"2025-03-13T10:35:26","modified_gmt":"2025-03-13T09:35:26","slug":"communications","status":"publish","type":"page","link":"https:\/\/www.ammoniaenergy.it\/?page_id=122","title":{"rendered":"Communications Second Workshop"},"content":{"rendered":"<div id=\"wppb-builder-container\" class=\"wppb-builder-container\">                <div  class=\"wppb-row-parent  wppb-row-1718792776258 \"  >\n\t\t\t\t\t\n\t\t\t\t\t\t\t\t\t\t\n\t\t\t\t\t\t\t\t\t\t\n\t\t\t\t\t<div class=\"wppb-container \">\n\t\t\t\t\t\t\t\t\t\t\t\t\t\n                        <div class=\"wppb-row\">\n\t\t\t\t\t\t\t                                    <div  class=\"wppb-column-parent wppb-column-parent-view wppb-col-1718792776257  \"  >\n                                        <div class=\"wppb-column\">\n\t\t\t\t\t\n\t\t\t\t\t\t\t\t\t\t\t\n                                            <div class=\"wppb-builder-addons\">\n\t\t\t\t\t\t\t\t\t\t\t\t<div class='wppb-builder-addon wppb-addon-1718792796724'  data-addon-id='1718792796724'><div class='wppb-addon'><div class=\"wppb-text-block-addon\"><div class=\"wppb-text-block-content 0\"><h2 style=\"text-align: center\"><strong>Second Italian Workshop on Ammonia Energy<\/strong><\/h2><p>\u00a0<\/p><p style=\"text-align: justify\"><strong>Politecnico di Bari. 5-6 Giugno 2024<\/strong><\/p><p style=\"text-align: justify\">La decarbonizzazione dell\u2019energia, come principale sfida della transizione energetica, sta determinando lo sconvolgimento di consolidati paradigmi della conversione energetica su piccola, media e larga scala. Ci\u00f2 apre nuovi ed interessanti scenari creando innumerevoli opportunit\u00e0 di investimento e sviluppo in molteplici settori, dalla ricerca scientifica, alle nuove tecnologie, alla produzione industriale. L\u2019utilizzo di vettori energetici di origine non fossile, che non contengano carbonio e quindi non producano CO<sub>2<\/sub>, \u00e8 una delle soluzioni di pi\u00f9 semplice e rapida applicazione, che non richiede uno stravolgimento delle attuali filiere dell\u2019energia ed \u00e8 pienamente in sinergia con l\u2019utilizzo delle fonti rinnovabili. Infatti, i vettori di energia \u201cverdi\u201d non sono altro che molecole utilizzate per immagazzinare le energie rinnovabili e trasportarle ovunque. Tra queste molecole l\u2019ammoniaca sta assumendo un ruolo strategico rilevante.<\/p><p style=\"text-align: justify\">Dopo il notevole interesse suscitato dal primo workshop italiano sul ruolo dell\u2019ammoniaca nel mondo dell\u2019energia, tenutosi a Firenze nel Giugno 2023, la comunit\u00e0 scientifica ed il mondo delle imprese tornano ad incontrarsi al Politecnico di Bari in due giornate di studio, il 5-6 Giugno, per confrontarsi su questa nuova sfida ed identificare insieme le opportunit\u00e0 di utilizzo dell\u2019ammoniaca per la sostituzione di combustibili fossili e come facilitatore della transizione energetica. Con il patrocinio della Sezione Italiana del Combustion Institute e della NEST Foundation, gli enti di ricerca e le universit\u00e0 direttamente coinvolti nella organizzazione del 2<sup>nd<\/sup> Italian Workshop on Ammonia Energy sono l\u2019istituto STEMS di Napoli del Consiglio Nazionale delle Ricerche, il Politecnico di Bari, l\u2019Universit\u00e0 di Perugia, l\u2019Universit\u00e0 di Pisa, l\u2019Universit\u00e0 di Roma La Sapienza e l\u2019Universit\u00e0 di Firenze.<\/p><p style=\"text-align: justify\">Perch\u00e9 l\u2019ammoniaca come vettore energetico del futuro? Non contiene carbonio (carbon free). Confrontata con l\u2019idrogeno ha in volume una densit\u00e0 di energia molto pi\u00f9 alta e, a differenza dell\u2019idrogeno stesso, \u00e8 facile da trasportare e conservare. Pu\u00f2 contare su una gi\u00e0 esistente capillare infrastruttura di trasporto poich\u00e9, essendo largamente utilizzata come fertilizzante ed essendo la seconda sostanza chimica pi\u00f9 prodotta al mondo, viene commerciata e scambiata a livello globale. Ad esempio, l\u2019idea di trasportare energia mediante ammoniaca prodotta in regioni-hub di energia rinnovabile, come l\u2019Australia ed il Cile, \u00e8 gi\u00e0 stata dimostrata ed \u00e8 alla base di numerosi accordi internazionali.<\/p><p style=\"text-align: justify\">Attualmente il mondo scientifico ed industriale \u00e8 coinvolto in molteplici progetti di ricerca e sviluppo, di rilevanza nazionale ed internazionale, focalizzati alla implementazione della \u201cammonia economy\u201d in molteplici settori (heat&amp;power), con la potenzialit\u00e0 di decarbonizzare settori considerati hard-to-abate (industria dell\u2019acciaio, del vetro, della ceramica e del cemento), fino al trasporto navale e civile.<\/p><p style=\"text-align: justify\">D\u2019altro canto \u00e8 facile immaginare che ancora numerose sono le problematiche da affrontare affinch\u00e9 si possa considerare l\u2019utilizzo dell\u2019ammoniaca come vettore energetico su larga scala. Una interessante opportunit\u00e0 per il mondo della ricerca industriale \u00e8 offerta dagli ampi margini di sviluppo e ottimizzazione dei processi e delle tecnologie che consentano di produrre ammoniaca da fonti rinnovabili. Cos\u00ec come per l\u2019idrogeno, anche in questo caso \u00e8 possibile parlare dei colori dell\u2019ammoniaca, facendo riferimento all\u2019impatto ambientale del processo di produzione dell\u2019ammoniaca considerato. Per quanto riguarda, invece, l\u2019utilizzo dell\u2019ammoniaca come carrier energetico su larga scala, lo sforzo di ricerca e di adattamento delle tecnologie di conversione energetica esistenti sar\u00e0 cruciale nella elaborazione di normative e direttive che regolino l\u2019utilizzo dell\u2019ammoniaca come carrier su larga scala.<\/p><p style=\"text-align: justify\">Di tutto questo si parler\u00e0 a Bari con rappresentanti dei centri di ricerca Nazionali, delle Universit\u00e0 Italiane e delle industrie che operano nel settore della produzione e dell\u2019utilizzo ammoniaca. Gli Italian Workshop on Ammonia Energy rispondono all\u2019esigenza di portare e sviluppare nella realt\u00e0 italiana le tematiche discusse negli Stati Uniti nell\u2019ambito dell\u2019Ammonia Energy Association e negli eventi quali \u201cNH3 Event\u201d, che si tiene ogni anno a Rotterdam, e il Symposium Ammonia Energy che, dopo le prime due edizioni tenutesi a Cardiff (2022) e ad Orleans (2023), vedr\u00e0 la sua terza edizione a Shangai (2024).<\/p><p>\u00a0<\/p><\/div><\/div><\/div><\/div>                                            <\/div>\n                                        <\/div>\n                                    <\/div>\n\t\t\t\t\t\t\t\t\t                        <\/div>\n\n                    <\/div>\n                <\/div>\n\t\t\t\t<\/div>","protected":false},"excerpt":{"rendered":"<p>Second Italian Workshop on Ammonia Energy\u00a0Politecnico di Bari. 5-6 Giugno 2024La decarbonizzazione dell\u2019energia, come principale sfida della transizione energetica, sta determinando lo sconvolgimento di consolidati paradigmi della conversione energetica su piccola, media e larga scala. Ci\u00f2 apre nuovi ed interessanti scenari creando innumerevoli opportunit\u00e0 di investimento e sviluppo in molteplici settori, dalla ricerca scientifica, alle<\/p>\n","protected":false},"author":1,"featured_media":0,"parent":41,"menu_order":0,"comment_status":"closed","ping_status":"closed","template":"page-fullwidth.php","meta":{"footnotes":""},"class_list":["post-122","page","type-page","status-publish","hentry"],"_links":{"self":[{"href":"https:\/\/www.ammoniaenergy.it\/index.php?rest_route=\/wp\/v2\/pages\/122","targetHints":{"allow":["GET"]}}],"collection":[{"href":"https:\/\/www.ammoniaenergy.it\/index.php?rest_route=\/wp\/v2\/pages"}],"about":[{"href":"https:\/\/www.ammoniaenergy.it\/index.php?rest_route=\/wp\/v2\/types\/page"}],"author":[{"embeddable":true,"href":"https:\/\/www.ammoniaenergy.it\/index.php?rest_route=\/wp\/v2\/users\/1"}],"replies":[{"embeddable":true,"href":"https:\/\/www.ammoniaenergy.it\/index.php?rest_route=%2Fwp%2Fv2%2Fcomments&post=122"}],"version-history":[{"count":2,"href":"https:\/\/www.ammoniaenergy.it\/index.php?rest_route=\/wp\/v2\/pages\/122\/revisions"}],"predecessor-version":[{"id":583,"href":"https:\/\/www.ammoniaenergy.it\/index.php?rest_route=\/wp\/v2\/pages\/122\/revisions\/583"}],"up":[{"embeddable":true,"href":"https:\/\/www.ammoniaenergy.it\/index.php?rest_route=\/wp\/v2\/pages\/41"}],"wp:attachment":[{"href":"https:\/\/www.ammoniaenergy.it\/index.php?rest_route=%2Fwp%2Fv2%2Fmedia&parent=122"}],"curies":[{"name":"wp","href":"https:\/\/api.w.org\/{rel}","templated":true}]}}